{"id":197,"date":"2023-05-25T21:01:29","date_gmt":"2023-05-25T21:01:29","guid":{"rendered":"https:\/\/adminit.us\/blog\/?page_id=197"},"modified":"2023-07-03T12:58:50","modified_gmt":"2023-07-03T17:58:50","slug":"archive","status":"publish","type":"page","link":"https:\/\/adminit.lat\/blog\/archive\/","title":{"rendered":"Archive"},"content":{"rendered":"\t\t<div data-elementor-type=\"wp-page\" data-elementor-id=\"197\" class=\"elementor elementor-197\" data-elementor-post-type=\"page\">\n\t\t\t\t\t\t<section class=\"elementor-section elementor-top-section elementor-element elementor-element-23a2a7e elementor-section-boxed elementor-section-height-default elementor-section-height-default\" data-id=\"23a2a7e\" data-element_type=\"section\" data-e-type=\"section\">\n\t\t\t\t\t\t<div class=\"elementor-container elementor-column-gap-default\">\n\t\t\t\t\t<div class=\"elementor-column elementor-col-100 elementor-top-column elementor-element elementor-element-6076927\" data-id=\"6076927\" data-element_type=\"column\" data-e-type=\"column\">\n\t\t\t<div class=\"elementor-widget-wrap elementor-element-populated\">\n\t\t\t\t\t\t<div class=\"elementor-element elementor-element-6cc06d1 elementor-widget elementor-widget-html\" data-id=\"6cc06d1\" data-element_type=\"widget\" data-e-type=\"widget\" data-widget_type=\"html.default\">\n\t\t\t\t<div class=\"elementor-widget-container\">\n\t\t\t\t\t<div class=\"rainbow-gradient-circle\"><\/div>\n<div class=\"rainbow-gradient-circle theme-pink\"><\/div>\t\t\t\t<\/div>\n\t\t\t\t<\/div>\n\t\t\t\t\t<\/div>\n\t\t<\/div>\n\t\t\t\t\t<\/div>\n\t\t<\/section>\n\t\t\t\t<section class=\"elementor-section elementor-top-section elementor-element elementor-element-ee73787 elementor-section-boxed elementor-section-height-default elementor-section-height-default\" data-id=\"ee73787\" data-element_type=\"section\" data-e-type=\"section\">\n\t\t\t\t\t\t<div class=\"elementor-container elementor-column-gap-default\">\n\t\t\t\t\t<div class=\"elementor-column elementor-col-100 elementor-top-column elementor-element elementor-element-80c7aaa\" data-id=\"80c7aaa\" data-element_type=\"column\" data-e-type=\"column\">\n\t\t\t<div class=\"elementor-widget-wrap elementor-element-populated\">\n\t\t\t\t\t\t<div class=\"elementor-element elementor-element-650f192 elementor-grid-3 elementor-grid-tablet-2 elementor-grid-mobile-1 elementor-posts--thumbnail-top load-more-align-center elementor-widget elementor-widget-posts\" data-id=\"650f192\" data-element_type=\"widget\" data-e-type=\"widget\" data-settings=\"{&quot;pagination_type&quot;:&quot;load_more_on_click&quot;,&quot;classic_columns&quot;:&quot;3&quot;,&quot;classic_columns_tablet&quot;:&quot;2&quot;,&quot;classic_columns_mobile&quot;:&quot;1&quot;,&quot;classic_row_gap&quot;:{&quot;unit&quot;:&quot;px&quot;,&quot;size&quot;:35,&quot;sizes&quot;:[]},&quot;classic_row_gap_tablet&quot;:{&quot;unit&quot;:&quot;px&quot;,&quot;size&quot;:&quot;&quot;,&quot;sizes&quot;:[]},&quot;classic_row_gap_mobile&quot;:{&quot;unit&quot;:&quot;px&quot;,&quot;size&quot;:&quot;&quot;,&quot;sizes&quot;:[]},&quot;load_more_spinner&quot;:{&quot;value&quot;:&quot;fas fa-spinner&quot;,&quot;library&quot;:&quot;fa-solid&quot;}}\" data-widget_type=\"posts.classic\">\n\t\t\t\t<div class=\"elementor-widget-container\">\n\t\t\t\t\t\t\t<div class=\"elementor-posts-container elementor-posts elementor-posts--skin-classic elementor-grid\" role=\"list\">\n\t\t\t\t<article class=\"elementor-post elementor-grid-item post-578 post type-post status-publish format-standard has-post-thumbnail hentry category-herramientas-para-puntos-de-venta tag-que-es-un-lector-de-codigos-de-barras tag-analisis-de-ventas tag-barcode-reader tag-codigo-de-barras tag-como-funcionan tag-comportamiento-del-consumidor tag-datos tag-decodificacion tag-decodificar tag-eficiencia-empresarial tag-eficiencia-operativa tag-el-lector-de-codigos-de-barras-para-software-pos tag-emision-de-luz tag-empaque tag-escaner tag-escaner-de-punto-de-venta-pos tag-escaner-laser tag-etiqueta tag-experiencia-del-cliente tag-gestion-de-inventario tag-gestion-de-inventarios tag-identificacion-y-accion tag-lector-ccd tag-lector-de-barras tag-lector-de-codigos-de-barras tag-lector-imager-2d tag-negocio tag-punto-de-venta tag-recepcion-de-la-luz-reflejada tag-sistema-pos tag-software-pos tag-tecnologia tag-tendencias-de-ventas tag-tipos-de-lectores-de-codigos-de-barras tag-transferencia-de-datos tag-velocidad-y-precision tag-ventajas-del-uso-de-un-lector-de-codigos-de-barras\" role=\"listitem\">\n\t\t\t\t<a class=\"elementor-post__thumbnail__link\" href=\"https:\/\/adminit.lat\/blog\/el-lector-de-codigos-de-barras-para-software-punto-de-venta\/\" tabindex=\"-1\" >\n\t\t\t<div class=\"elementor-post__thumbnail\"><img fetchpriority=\"high\" decoding=\"async\" width=\"300\" height=\"300\" src=\"https:\/\/adminit.lat\/blog\/wp-content\/uploads\/2023\/08\/e7503159-e58f-4130-b445-60eba470bf90-300x300.jpg\" class=\"attachment-medium size-medium wp-image-579\" alt=\"Bar code, Barcode scanner\" srcset=\"https:\/\/adminit.lat\/blog\/wp-content\/uploads\/2023\/08\/e7503159-e58f-4130-b445-60eba470bf90-300x300.jpg 300w, https:\/\/adminit.lat\/blog\/wp-content\/uploads\/2023\/08\/e7503159-e58f-4130-b445-60eba470bf90-150x150.jpg 150w, https:\/\/adminit.lat\/blog\/wp-content\/uploads\/2023\/08\/e7503159-e58f-4130-b445-60eba470bf90-768x768.jpg 768w, https:\/\/adminit.lat\/blog\/wp-content\/uploads\/2023\/08\/e7503159-e58f-4130-b445-60eba470bf90.jpg 1024w\" sizes=\"(max-width: 300px) 100vw, 300px\" \/><\/div>\n\t\t<\/a>\n\t\t\t\t<div class=\"elementor-post__text\">\n\t\t\t\t<h3 class=\"elementor-post__title\">\n\t\t\t<a href=\"https:\/\/adminit.lat\/blog\/el-lector-de-codigos-de-barras-para-software-punto-de-venta\/\" >\n\t\t\t\tEl Lector de C\u00f3digos de Barras para Software Punto de Venta\t\t\t<\/a>\n\t\t<\/h3>\n\t\t\t\t<div class=\"elementor-post__excerpt\">\n\t\t\t<p>\u00bfQu\u00e9 es un Lector de C\u00f3digos de Barras? Un Lector de C\u00f3digos de Barras es un dispositivo electr\u00f3nico dise\u00f1ado para escanear y leer la informaci\u00f3n<\/p>\n\t\t<\/div>\n\t\t\t\t<\/div>\n\t\t\t\t<\/article>\n\t\t\t\t<article class=\"elementor-post elementor-grid-item post-575 post type-post status-publish format-standard has-post-thumbnail hentry category-administracion-de-empresas tag-api tag-aprendizaje-automatico tag-blockchain tag-caja-registradora tag-capacitacion tag-central tag-clientes tag-comerciantes tag-compras tag-criptomonedas tag-crm tag-cumplimiento tag-cumplimiento-pci tag-datos-del-cliente tag-eleccion-del-sistema-pos tag-empresas-grandes tag-emv tag-escalabilidad tag-escaner-de-codigos-de-barras tag-experiencia-del-cliente tag-flexibilidad tag-funciones-del-pos tag-gestion-de-empleados tag-gestion-de-inventario tag-glosario-de-terminos-pos tag-guia-definitiva tag-hardware tag-implementacion-de-sistemas-pos tag-impresoras-de-recibos tag-informes-de-ventas tag-integracion-con-otros-sistemas-empresariales tag-integracion-con-plataformas-de-comercio-electronico tag-inteligencia-artificial tag-inventario tag-nfc tag-opciones-de-procesamiento-de-pagos tag-operaciones tag-pagos tag-pantallas-tactiles tag-pequenas-empresas tag-personalizacion tag-pos tag-preguntas-frecuentes tag-requisitos-de-hardware-y-software tag-retail tag-seguridad tag-sistema-de-punto-de-venta tag-sistemas-pos-basados-en-la-nube tag-sistemas-pos-moviles tag-sistemas-pos-tradicionales tag-sku tag-software tag-solucion-pos-de-adminit tag-soporte-al-cliente tag-tendencias-futuras-en-tecnologia-pos tag-transacciones tag-ventas\" role=\"listitem\">\n\t\t\t\t<a class=\"elementor-post__thumbnail__link\" href=\"https:\/\/adminit.lat\/blog\/pos-training-aprende-todo-lo-que-debes-de-saber-antes-de-integrar-un-software-punto-de-venta\/\" tabindex=\"-1\" >\n\t\t\t<div class=\"elementor-post__thumbnail\"><img decoding=\"async\" width=\"300\" height=\"300\" src=\"https:\/\/adminit.lat\/blog\/wp-content\/uploads\/2023\/08\/cb9c1df8-c55f-4181-8fcc-b460ad48f222-300x300.jpg\" class=\"attachment-medium size-medium wp-image-576\" alt=\"Tiendas modernas con sistemas modernos\" srcset=\"https:\/\/adminit.lat\/blog\/wp-content\/uploads\/2023\/08\/cb9c1df8-c55f-4181-8fcc-b460ad48f222-300x300.jpg 300w, https:\/\/adminit.lat\/blog\/wp-content\/uploads\/2023\/08\/cb9c1df8-c55f-4181-8fcc-b460ad48f222-150x150.jpg 150w, https:\/\/adminit.lat\/blog\/wp-content\/uploads\/2023\/08\/cb9c1df8-c55f-4181-8fcc-b460ad48f222-768x768.jpg 768w, https:\/\/adminit.lat\/blog\/wp-content\/uploads\/2023\/08\/cb9c1df8-c55f-4181-8fcc-b460ad48f222.jpg 1024w\" sizes=\"(max-width: 300px) 100vw, 300px\" \/><\/div>\n\t\t<\/a>\n\t\t\t\t<div class=\"elementor-post__text\">\n\t\t\t\t<h3 class=\"elementor-post__title\">\n\t\t\t<a href=\"https:\/\/adminit.lat\/blog\/pos-training-aprende-todo-lo-que-debes-de-saber-antes-de-integrar-un-software-punto-de-venta\/\" >\n\t\t\t\tPOS TRAINING: Aprende todo lo que debes de saber antes de integrar un Software Punto de Venta\t\t\t<\/a>\n\t\t<\/h3>\n\t\t\t\t<div class=\"elementor-post__excerpt\">\n\t\t\t<p>Bienvenido a la Gu\u00eda Definitiva de Sistemas de Punto de Venta (POS). Ya seas un comerciante experimentado o un peque\u00f1o empresario buscando optimizar tus operaciones,<\/p>\n\t\t<\/div>\n\t\t\t\t<\/div>\n\t\t\t\t<\/article>\n\t\t\t\t<article class=\"elementor-post elementor-grid-item post-503 post type-post status-publish format-standard has-post-thumbnail hentry category-perspectiva-de-la-industria\" role=\"listitem\">\n\t\t\t\t<a class=\"elementor-post__thumbnail__link\" href=\"https:\/\/adminit.lat\/blog\/los-retos-del-emprendimiento-en-america-latina-una-guia-para-navegar-el-turbulento-mar-de-crear-una-empresa-con-adminit\/\" tabindex=\"-1\" >\n\t\t\t<div class=\"elementor-post__thumbnail\"><img decoding=\"async\" width=\"300\" height=\"300\" src=\"https:\/\/adminit.lat\/blog\/wp-content\/uploads\/2023\/06\/ea203b6c-3af6-49c8-bcb2-5079f17aa38e-300x300.jpg\" class=\"attachment-medium size-medium wp-image-511\" alt=\"\" srcset=\"https:\/\/adminit.lat\/blog\/wp-content\/uploads\/2023\/06\/ea203b6c-3af6-49c8-bcb2-5079f17aa38e-300x300.jpg 300w, https:\/\/adminit.lat\/blog\/wp-content\/uploads\/2023\/06\/ea203b6c-3af6-49c8-bcb2-5079f17aa38e-150x150.jpg 150w, https:\/\/adminit.lat\/blog\/wp-content\/uploads\/2023\/06\/ea203b6c-3af6-49c8-bcb2-5079f17aa38e-768x768.jpg 768w, https:\/\/adminit.lat\/blog\/wp-content\/uploads\/2023\/06\/ea203b6c-3af6-49c8-bcb2-5079f17aa38e.jpg 1024w\" sizes=\"(max-width: 300px) 100vw, 300px\" \/><\/div>\n\t\t<\/a>\n\t\t\t\t<div class=\"elementor-post__text\">\n\t\t\t\t<h3 class=\"elementor-post__title\">\n\t\t\t<a href=\"https:\/\/adminit.lat\/blog\/los-retos-del-emprendimiento-en-america-latina-una-guia-para-navegar-el-turbulento-mar-de-crear-una-empresa-con-adminit\/\" >\n\t\t\t\tLos Retos del Emprendimiento en Am\u00e9rica Latina: Una Gu\u00eda para Navegar el Turbulento Mar de Crear una Empresa con Adminit\t\t\t<\/a>\n\t\t<\/h3>\n\t\t\t\t<div class=\"elementor-post__excerpt\">\n\t\t\t<p>En el cambiante paisaje econ\u00f3mico actual, especialmente en Am\u00e9rica Latina, emprender y crear una empresa se ha convertido en una aspiraci\u00f3n para muchos. Pa\u00edses como<\/p>\n\t\t<\/div>\n\t\t\t\t<\/div>\n\t\t\t\t<\/article>\n\t\t\t\t<\/div>\n\t\t\t\t\t<span class=\"e-load-more-spinner\">\n\t\t\t\t<i aria-hidden=\"true\" class=\"fas fa-spinner\"><\/i>\t\t\t<\/span>\n\t\t\n\t\t\t\t\t\t<\/div>\n\t\t\t\t<\/div>\n\t\t\t\t\t<\/div>\n\t\t<\/div>\n\t\t\t\t\t<\/div>\n\t\t<\/section>\n\t\t\t\t<\/div>\n\t\t","protected":false},"excerpt":{"rendered":"","protected":false},"author":1,"featured_media":0,"parent":0,"menu_order":0,"comment_status":"closed","ping_status":"closed","template":"elementor_header_footer","meta":{"footnotes":""},"class_list":["post-197","page","type-page","status-publish","hentry"],"yoast_head":"<!-- This site is optimized with the Yoast SEO plugin v27.5 - https:\/\/yoast.com\/product\/yoast-seo-wordpress\/ -->\n<title>Archive - Adminit + Business Software<\/title>\n<meta name=\"robots\" content=\"index, follow, max-snippet:-1, max-image-preview:large, max-video-preview:-1\" \/>\n<link rel=\"canonical\" href=\"https:\/\/adminit.lat\/blog\/archive\/\" \/>\n<meta property=\"og:locale\" content=\"es_MX\" \/>\n<meta property=\"og:type\" content=\"article\" \/>\n<meta property=\"og:title\" content=\"Archive - Adminit + Business Software\" \/>\n<meta property=\"og:url\" content=\"https:\/\/adminit.lat\/blog\/archive\/\" \/>\n<meta property=\"og:site_name\" content=\"Adminit + Business Software\" \/>\n<meta property=\"article:modified_time\" content=\"2023-07-03T17:58:50+00:00\" \/>\n<meta name=\"twitter:card\" content=\"summary_large_image\" \/>\n<meta name=\"twitter:label1\" content=\"Tiempo de lectura\" \/>\n\t<meta name=\"twitter:data1\" content=\"5 minutos\" \/>\n<script type=\"application\/ld+json\" class=\"yoast-schema-graph\">{\"@context\":\"https:\\\/\\\/schema.org\",\"@graph\":[{\"@type\":\"WebPage\",\"@id\":\"https:\\\/\\\/adminit.lat\\\/blog\\\/archive\\\/\",\"url\":\"https:\\\/\\\/adminit.lat\\\/blog\\\/archive\\\/\",\"name\":\"Archive - Adminit + Business Software\",\"isPartOf\":{\"@id\":\"https:\\\/\\\/adminit.lat\\\/blog\\\/#website\"},\"datePublished\":\"2023-05-25T21:01:29+00:00\",\"dateModified\":\"2023-07-03T17:58:50+00:00\",\"breadcrumb\":{\"@id\":\"https:\\\/\\\/adminit.lat\\\/blog\\\/archive\\\/#breadcrumb\"},\"inLanguage\":\"es\",\"potentialAction\":[{\"@type\":\"ReadAction\",\"target\":[\"https:\\\/\\\/adminit.lat\\\/blog\\\/archive\\\/\"]}]},{\"@type\":\"BreadcrumbList\",\"@id\":\"https:\\\/\\\/adminit.lat\\\/blog\\\/archive\\\/#breadcrumb\",\"itemListElement\":[{\"@type\":\"ListItem\",\"position\":1,\"name\":\"Home\",\"item\":\"https:\\\/\\\/adminit.lat\\\/blog\\\/\"},{\"@type\":\"ListItem\",\"position\":2,\"name\":\"Archive\"}]},{\"@type\":\"WebSite\",\"@id\":\"https:\\\/\\\/adminit.lat\\\/blog\\\/#website\",\"url\":\"https:\\\/\\\/adminit.lat\\\/blog\\\/\",\"name\":\"Adminit + Business Software\",\"description\":\"All-in-one POS and ERP solution\",\"publisher\":{\"@id\":\"https:\\\/\\\/adminit.lat\\\/blog\\\/#organization\"},\"potentialAction\":[{\"@type\":\"SearchAction\",\"target\":{\"@type\":\"EntryPoint\",\"urlTemplate\":\"https:\\\/\\\/adminit.lat\\\/blog\\\/?s={search_term_string}\"},\"query-input\":{\"@type\":\"PropertyValueSpecification\",\"valueRequired\":true,\"valueName\":\"search_term_string\"}}],\"inLanguage\":\"es\"},{\"@type\":\"Organization\",\"@id\":\"https:\\\/\\\/adminit.lat\\\/blog\\\/#organization\",\"name\":\"Adminit + Business Software\",\"url\":\"https:\\\/\\\/adminit.lat\\\/blog\\\/\",\"logo\":{\"@type\":\"ImageObject\",\"inLanguage\":\"es\",\"@id\":\"https:\\\/\\\/adminit.lat\\\/blog\\\/#\\\/schema\\\/logo\\\/image\\\/\",\"url\":\"https:\\\/\\\/adminit.lat\\\/blog\\\/wp-content\\\/uploads\\\/2023\\\/07\\\/logo-nav.png\",\"contentUrl\":\"https:\\\/\\\/adminit.lat\\\/blog\\\/wp-content\\\/uploads\\\/2023\\\/07\\\/logo-nav.png\",\"width\":288,\"height\":100,\"caption\":\"Adminit + Business Software\"},\"image\":{\"@id\":\"https:\\\/\\\/adminit.lat\\\/blog\\\/#\\\/schema\\\/logo\\\/image\\\/\"}}]}<\/script>\n<!-- \/ Yoast SEO plugin. -->","yoast_head_json":{"title":"Archive - Adminit + Business Software","robots":{"index":"index","follow":"follow","max-snippet":"max-snippet:-1","max-image-preview":"max-image-preview:large","max-video-preview":"max-video-preview:-1"},"canonical":"https:\/\/adminit.lat\/blog\/archive\/","og_locale":"es_MX","og_type":"article","og_title":"Archive - Adminit + Business Software","og_url":"https:\/\/adminit.lat\/blog\/archive\/","og_site_name":"Adminit + Business Software","article_modified_time":"2023-07-03T17:58:50+00:00","twitter_card":"summary_large_image","twitter_misc":{"Tiempo de lectura":"5 minutos"},"schema":{"@context":"https:\/\/schema.org","@graph":[{"@type":"WebPage","@id":"https:\/\/adminit.lat\/blog\/archive\/","url":"https:\/\/adminit.lat\/blog\/archive\/","name":"Archive - Adminit + Business Software","isPartOf":{"@id":"https:\/\/adminit.lat\/blog\/#website"},"datePublished":"2023-05-25T21:01:29+00:00","dateModified":"2023-07-03T17:58:50+00:00","breadcrumb":{"@id":"https:\/\/adminit.lat\/blog\/archive\/#breadcrumb"},"inLanguage":"es","potentialAction":[{"@type":"ReadAction","target":["https:\/\/adminit.lat\/blog\/archive\/"]}]},{"@type":"BreadcrumbList","@id":"https:\/\/adminit.lat\/blog\/archive\/#breadcrumb","itemListElement":[{"@type":"ListItem","position":1,"name":"Home","item":"https:\/\/adminit.lat\/blog\/"},{"@type":"ListItem","position":2,"name":"Archive"}]},{"@type":"WebSite","@id":"https:\/\/adminit.lat\/blog\/#website","url":"https:\/\/adminit.lat\/blog\/","name":"Adminit + Business Software","description":"All-in-one POS and ERP solution","publisher":{"@id":"https:\/\/adminit.lat\/blog\/#organization"},"potentialAction":[{"@type":"SearchAction","target":{"@type":"EntryPoint","urlTemplate":"https:\/\/adminit.lat\/blog\/?s={search_term_string}"},"query-input":{"@type":"PropertyValueSpecification","valueRequired":true,"valueName":"search_term_string"}}],"inLanguage":"es"},{"@type":"Organization","@id":"https:\/\/adminit.lat\/blog\/#organization","name":"Adminit + Business Software","url":"https:\/\/adminit.lat\/blog\/","logo":{"@type":"ImageObject","inLanguage":"es","@id":"https:\/\/adminit.lat\/blog\/#\/schema\/logo\/image\/","url":"https:\/\/adminit.lat\/blog\/wp-content\/uploads\/2023\/07\/logo-nav.png","contentUrl":"https:\/\/adminit.lat\/blog\/wp-content\/uploads\/2023\/07\/logo-nav.png","width":288,"height":100,"caption":"Adminit + Business Software"},"image":{"@id":"https:\/\/adminit.lat\/blog\/#\/schema\/logo\/image\/"}}]}},"_links":{"self":[{"href":"https:\/\/adminit.lat\/blog\/wp-json\/wp\/v2\/pages\/197","targetHints":{"allow":["GET"]}}],"collection":[{"href":"https:\/\/adminit.lat\/blog\/wp-json\/wp\/v2\/pages"}],"about":[{"href":"https:\/\/adminit.lat\/blog\/wp-json\/wp\/v2\/types\/page"}],"author":[{"embeddable":true,"href":"https:\/\/adminit.lat\/blog\/wp-json\/wp\/v2\/users\/1"}],"replies":[{"embeddable":true,"href":"https:\/\/adminit.lat\/blog\/wp-json\/wp\/v2\/comments?post=197"}],"version-history":[{"count":5,"href":"https:\/\/adminit.lat\/blog\/wp-json\/wp\/v2\/pages\/197\/revisions"}],"predecessor-version":[{"id":539,"href":"https:\/\/adminit.lat\/blog\/wp-json\/wp\/v2\/pages\/197\/revisions\/539"}],"wp:attachment":[{"href":"https:\/\/adminit.lat\/blog\/wp-json\/wp\/v2\/media?parent=197"}],"curies":[{"name":"wp","href":"https:\/\/api.w.org\/{rel}","templated":true}]}}